{"id":16,"date":"2023-07-11T08:30:48","date_gmt":"2023-07-11T08:30:48","guid":{"rendered":"https:\/\/cgm-energie.com\/web\/?page_id=16"},"modified":"2023-07-17T05:33:32","modified_gmt":"2023-07-17T05:33:32","slug":"mentions-legales","status":"publish","type":"page","link":"https:\/\/cgm-energie.com\/web\/mentions-legales\/","title":{"rendered":"Mentions l\u00e9gales"},"content":{"rendered":"\t\t<div data-elementor-type=\"wp-page\" data-elementor-id=\"16\" class=\"elementor elementor-16\" data-elementor-post-type=\"page\">\n\t\t\t\t\t\t<section class=\"elementor-section elementor-top-section elementor-element elementor-element-c28816b elementor-section-height-min-height elementor-section-boxed elementor-section-height-default elementor-section-items-middle\" data-id=\"c28816b\" data-element_type=\"section\" data-e-type=\"section\" data-settings=\"{&quot;background_background&quot;:&quot;classic&quot;,&quot;shape_divider_bottom&quot;:&quot;opacity-tilt&quot;}\">\n\t\t\t\t\t\t\t<div class=\"elementor-background-overlay\"><\/div>\n\t\t\t\t\t\t<div class=\"elementor-shape elementor-shape-bottom\" aria-hidden=\"true\" data-negative=\"false\">\n\t\t\t<svg xmlns=\"http:\/\/www.w3.org\/2000\/svg\" viewBox=\"0 0 2600 131.1\" preserveAspectRatio=\"none\">\n\t<path class=\"elementor-shape-fill\" d=\"M0 0L2600 0 2600 69.1 0 0z\"\/>\n\t<path class=\"elementor-shape-fill\" style=\"opacity:0.5\" d=\"M0 0L2600 0 2600 69.1 0 69.1z\"\/>\n\t<path class=\"elementor-shape-fill\" style=\"opacity:0.25\" d=\"M2600 0L0 0 0 130.1 2600 69.1z\"\/>\n<\/svg>\t\t<\/div>\n\t\t\t\t\t<div class=\"elementor-container elementor-column-gap-default\">\n\t\t\t\t\t<div class=\"elementor-column elementor-col-100 elementor-top-column elementor-element elementor-element-c069aa1\" data-id=\"c069aa1\" data-element_type=\"column\" data-e-type=\"column\">\n\t\t\t<div class=\"elementor-widget-wrap elementor-element-populated\">\n\t\t\t\t\t\t<div class=\"elementor-element elementor-element-f867c1f elementor-widget elementor-widget-pp-breadcrumbs\" data-id=\"f867c1f\" data-element_type=\"widget\" data-e-type=\"widget\" data-settings=\"{&quot;breadcrumbs_type&quot;:&quot;powerpack&quot;}\" data-widget_type=\"pp-breadcrumbs.default\">\n\t\t\t\t<div class=\"elementor-widget-container\">\n\t\t\t\t\t<ul class=\"pp-breadcrumbs pp-breadcrumbs-powerpack\">\t\t<li class=\"pp-breadcrumbs-item pp-breadcrumbs-item-home\">\n\t\t\t<a class=\"pp-breadcrumbs-crumb pp-breadcrumbs-crumb-link pp-breadcrumbs-crumb-home\" href=\"https:\/\/cgm-energie.com\/web\" title=\"\">\n\t\t\t\t<span class=\"pp-breadcrumbs-text\">\n\t\t\t\t\t\t\t\t\t\t\t<span class=\"pp-icon\">\n\t\t\t\t\t\t\t<i aria-hidden=\"true\" class=\"fas fa-home\"><\/i>\t\t\t\t\t\t<\/span>\n\t\t\t\t\t\t\t\t\t\t\t\t\t\t<\/span>\n\t\t\t<\/a>\n\t\t<\/li>\n\t\t<li class=\"pp-breadcrumbs-separator\">\t\t\t\t<span class='pp-separator-icon pp-icon'>\n\t\t\t\t\t<i aria-hidden=\"true\" class=\"fas fa-circle\"><\/i>\t\t\t\t<\/span>\n\t\t\t\t<\/li><\/ul>\t\t\t\t<\/div>\n\t\t\t\t<\/div>\n\t\t\t\t<div class=\"elementor-element elementor-element-5a055ac elementor-widget elementor-widget-heading\" data-id=\"5a055ac\" data-element_type=\"widget\" data-e-type=\"widget\" data-widget_type=\"heading.default\">\n\t\t\t\t<div class=\"elementor-widget-container\">\n\t\t\t\t\t<h1 class=\"elementor-heading-title elementor-size-default\">Mentions l\u00e9gales<\/h1>\t\t\t\t<\/div>\n\t\t\t\t<\/div>\n\t\t\t\t\t<\/div>\n\t\t<\/div>\n\t\t\t\t\t<\/div>\n\t\t<\/section>\n\t\t\t\t<section class=\"elementor-section elementor-top-section elementor-element elementor-element-6258fff elementor-section-boxed elementor-section-height-default elementor-section-height-default\" data-id=\"6258fff\" data-element_type=\"section\" data-e-type=\"section\">\n\t\t\t\t\t\t<div class=\"elementor-container elementor-column-gap-default\">\n\t\t\t\t\t<div class=\"elementor-column elementor-col-100 elementor-top-column elementor-element elementor-element-a30eecf\" data-id=\"a30eecf\" data-element_type=\"column\" data-e-type=\"column\">\n\t\t\t<div class=\"elementor-widget-wrap elementor-element-populated\">\n\t\t\t\t\t\t<div class=\"elementor-element elementor-element-e1d6eb1 elementor-widget elementor-widget-text-editor\" data-id=\"e1d6eb1\" data-element_type=\"widget\" data-e-type=\"widget\" data-widget_type=\"text-editor.default\">\n\t\t\t\t<div class=\"elementor-widget-container\">\n\t\t\t\t\t\t\t\t\t<p>Le texte qui suit pr\u00e9sente les conditions g\u00e9n\u00e9rales d\u2019utilisation du site portail CGM-ENERGIE.COM. \u00a0Tout visiteur du site portail CGM-ENERGIE.COM admet en avoir pris connaissance et les accepter. CGM-ENERGIE se r\u00e9serve le droit de modifier \u00e0 tout moment les pr\u00e9sentes notamment en faisant \u00e9voluer son site portail.<\/p><h3><strong>INFORMATIONS LEGALES<\/strong><\/h3><p>Ce site est \u00e9dit\u00e9 par CGM-ENERGIE, \u00e9tablissement priv\u00e9, situ\u00e9 2 chemin du Vieux Moulin, 69160 Tassin-La-Demi-Lune.<\/p><p>N\u00b0 SIREN : 799 723 820.<br \/>N\u00b0 SIRET : 799 723 820 00038.<\/p><p>Directeur de la publication :\u00a0<strong>S\u00e9bastien Guillier.<\/strong><\/p><p><strong>Le site est h\u00e9berg\u00e9 par la soci\u00e9t\u00e9 OVH<\/strong><\/p><p>Si\u00e8ge social : 2 chemin du Vieux Moulin, 69160 Tassin-La-Demi-Lune.<\/p><h3><strong>CONDITIONS D\u2019UTILISATION DU SITE<\/strong><\/h3><p>OBJET et CONTENU DU SITE<\/p><p>Le site\u00a0https:\/\/cgm-energie.com\u00a0a pour objet de pr\u00e9senter les activit\u00e9s de la soci\u00e9t\u00e9 CGM ENERGIE.<\/p><p>Le site\u00a0https:\/\/cgm-energie.com\u00a0offre en particulier l\u2019acc\u00e8s \u00e0 de nombreuses informations sur les marques et le produits. des r\u00e9ponses,<\/p><h3><strong>RESPONSABILITE<\/strong><\/h3><p>L\u2019utilisateur du site reconna\u00eet avoir pris connaissance de la pr\u00e9sente notice l\u00e9gale et s\u2019engage \u00e0 la respecter.<\/p><p>CGM ENERGIE s\u2019engage \u00e0 faire ses meilleurs efforts pour assurer aux utilisateurs une accessibilit\u00e9 du site \u00e0 tout moment. Toutefois, elle ne pourra \u00eatre tenue responsable en cas d\u2019indisponibilit\u00e9 du site, pour quelle que cause que ce soit.<\/p><p>L\u2019utilisateur reconna\u00eet disposer de la comp\u00e9tence et des moyens n\u00e9cessaires pour acc\u00e9der au site et l\u2019utiliser, et reconna\u00eet avoir v\u00e9rifi\u00e9 que la configuration informatique utilis\u00e9e ne contient aucun virus et qu\u2019elle est en parfait \u00e9tat de fonctionnement.<\/p><p>CGM ENERGIE met tout en \u0153uvre pour offrir aux utilisateurs des informations et des outils disponibles et v\u00e9rifi\u00e9s, mais ne saurait \u00eatre tenue responsable des erreurs ou inexactitudes, d\u2019une absence de disponibilit\u00e9 des informations et\/ou de la pr\u00e9sence de virus ou autres infections logiques sur son site.<\/p><p>Elle ne conf\u00e8re aux utilisateurs internautes aucune garantie explicite ou implicite, en ce qui concerne l\u2019exactitude, l\u2019exhaustivit\u00e9 ou la mise \u00e0 jour des informations contenues dans le pr\u00e9sent site, ou accessibles depuis ce site. En cons\u00e9quence, il appartient aux utilisateurs de v\u00e9rifier leurs informations en les recoupant avec toute autre source disponible. CGM ENERGIE ne garantit en aucun cas l\u2019ad\u00e9quation des informations avec les besoins de l\u2019internaute, par cons\u00e9quent CGM ENERGIE ne saurait supporter aucune demande de d\u00e9dommagement pour pr\u00e9judice direct ou indirect subi par l\u2019internaute \u00e0 la suite de la consultation et de l\u2019utilisation des informations obtenues au moyen du site internet CGM ENERGIE. L\u2019utilisateur reconna\u00eet donc utiliser les informations et outils disponibles sur le site sous sa responsabilit\u00e9 exclusive.<\/p><h3><strong>PROTECTION DES DONNEES A CARACTERE PERSONNEL<\/strong><\/h3><p>Conform\u00e9ment \u00e0 l\u2019article 32 de la loi n\u00b078-17 relative \u00e0 l\u2019informatique, aux fichiers et aux libert\u00e9s du 6 janvier 1978 modifi\u00e9e, CGM ENERGIE, responsable de traitement, informe l\u2019utilisateur qu\u2019il met en \u0153uvre un traitement de donn\u00e9es \u00e0 caract\u00e8re personnel le concernant. Les informations communiqu\u00e9es par l\u2019utilisateur par le biais des formulaires disponibles sur le site sont destin\u00e9es aux personnes habilit\u00e9es de CGM ENERGIE, \u00e0 des fins de gestion administrative et commerciale\u00a0(D\u00e9claration CNIL : 1954271v0). Les donn\u00e9es identifi\u00e9es par un ast\u00e9risque sont obligatoires. A d\u00e9faut, votre demande d\u2019information ne pourra pas \u00eatre trait\u00e9e ou son traitement sera retard\u00e9.<\/p><p>L\u2019utilisateur dispose d\u2019un droit d\u2019acc\u00e8s, d\u2019interrogation, de modification, de rectification et de suppression des donn\u00e9es \u00e0 caract\u00e8re personnel le concernant, ainsi que la gestion de ses abonnements aux publications \u00e9lectroniques de CGM ENERGIE, par le biais de son compte personnel et\/ou en s\u2019adressant directement \u00e0 CGM ENERGIE.<\/p><p>L\u2019utilisateur dispose \u00e9galement d\u2019un droit d\u2019opposition au traitement de ses donn\u00e9es \u00e0 caract\u00e8re personnel pour des motifs l\u00e9gitimes, ainsi qu\u2019un droit d\u2019opposition \u00e0 ce que ses donn\u00e9es soient utilis\u00e9es \u00e0 des fins de prospection commerciale.<\/p><p>Pour exercer ses droits, l\u2019utilisateur doit adresser un courrier ou un mail \u00e0 CGM ENERGIE accompagn\u00e9 d\u2019une copie d\u2019une pi\u00e8ce d\u2019identit\u00e9 \u00e0 l\u2019adresse suivante :<\/p><ul><li>CGM ENERGIE 44 Chemin des Peupliers 69300 Caluire et Cuire<\/li><li>ou par courrier \u00e9lectronique \u00e0 l\u2019adresse\u00a0accueil@cgm-energie.com<\/li><\/ul><p>L\u2019utilisateur est inform\u00e9 que, lors de ses visites sur le site, un cookie peut s\u2019installer automatiquement sur son logiciel de navigation. Les r\u00e8gles applicables aux cookies et leur param\u00e9trage sont accessibles dans la politique cookies disponible\u00a0sur notre site internet.<\/p><p>L\u2019utilisateur du site est tenu de respecter les dispositions de la loi n\u00b078-17 relative \u00e0 l\u2019informatique, aux fichiers et aux libert\u00e9s du 6 janvier 1978 modifi\u00e9e, dont la violation est passible de sanctions p\u00e9nales. Notamment, il doit s\u2019abstenir de toute collecte, de toute utilisation d\u00e9tourn\u00e9e et, d\u2019une mani\u00e8re g\u00e9n\u00e9rale, de tout acte susceptible de porter atteinte \u00e0 la vie priv\u00e9e ou \u00e0 la r\u00e9putation des personnes.<\/p><h3><strong>PROPRIETE INTELLECTUELLE<\/strong><\/h3><p>Le site internet\u00a0https:\/\/cgm-energie.com\u00a0pris dans son ensemble, ainsi que chaque \u00e9l\u00e9ment qui le compose (marques, logo, textes, sons, images, vid\u00e9os, animations, base de donn\u00e9es \u2026 sans que cette liste ne soit limitative), sont la propri\u00e9t\u00e9 exclusive de CGM ENERGIE (ou de tiers aupr\u00e8s desquels elle a obtenu une licence).<\/p><p>L\u2019utilisateur dispose d\u2019un droit d\u2019usage priv\u00e9, personnel, non collectif et non exclusif, sur ce contenu. Sous r\u00e9serve des exceptions au droit d\u2019auteur pr\u00e9vues par l\u2019article L122-5 du Code de la propri\u00e9t\u00e9 intellectuelle, tout autre usage du contenu est soumis \u00e0 autorisation pr\u00e9alable et expr\u00e8s de CGM ENERGIE, notamment dans le cas o\u00f9 l\u2019utilisateur envisagerait de rediffuser le contenu sur un autre site. La violation de ces dispositions imp\u00e9ratives soumet le contrevenant, et toutes personnes responsables, aux peines p\u00e9nales et civiles pr\u00e9vues par la loi.<\/p><p>Pour toute demande d\u2019autorisation vous pouvez prendre\u00a0contact avec CGM ENERGIE\u00a0.<\/p><h3><strong>LIENS<\/strong><\/h3><p>Les liens pr\u00e9sents sur le site https:\/\/cgm-energie.com peuvent orienter l\u2019utilisateur sur des sites ext\u00e9rieurs dont le contenu ne peut en aucune mani\u00e8re engager la responsabilit\u00e9 de CGM ENERGIE.<\/p><h3><strong>ACCESSIBILITE<\/strong><\/h3><p>CGM ENERGIE se conforme aux r\u00e8gles d\u2019accessibilit\u00e9 de la loi du 11 f\u00e9vrier 2005 pour l\u2019\u00e9galit\u00e9 des droits et des chances, la participation et la citoyennet\u00e9 des personnes handicap\u00e9es qui s\u2019imposent par \u00e0 tout site public. Le d\u00e9veloppement du site internet CGM ENERGIE a \u00e9t\u00e9 r\u00e9alis\u00e9 pour r\u00e9pondre aux crit\u00e8res d\u2019accessibilit\u00e9 de niveau 1 selon le R\u00e9f\u00e9rentiel G\u00e9n\u00e9ral d\u2019Accessibilit\u00e9 pour les Administrations (RGAA).<\/p>\t\t\t\t\t\t\t\t<\/div>\n\t\t\t\t<\/div>\n\t\t\t\t\t<\/div>\n\t\t<\/div>\n\t\t\t\t\t<\/div>\n\t\t<\/section>\n\t\t\t\t<\/div>\n\t\t","protected":false},"excerpt":{"rendered":"<p>Mentions l\u00e9gales Le texte qui suit pr\u00e9sente les conditions g\u00e9n\u00e9rales d\u2019utilisation du site portail CGM-ENERGIE.COM. \u00a0Tout visiteur du site portail CGM-ENERGIE.COM admet en avoir pris connaissance et les accepter. CGM-ENERGIE se r\u00e9serve le droit de modifier \u00e0 tout moment les pr\u00e9sentes notamment en faisant \u00e9voluer son site portail. INFORMATIONS LEGALES Ce site est \u00e9dit\u00e9 par [&hellip;]<\/p>\n","protected":false},"author":1,"featured_media":0,"parent":0,"menu_order":0,"comment_status":"closed","ping_status":"closed","template":"","meta":{"site-sidebar-layout":"no-sidebar","site-content-layout":"page-builder","ast-site-content-layout":"default","site-content-style":"default","site-sidebar-style":"default","ast-global-header-display":"","ast-banner-title-visibility":"","ast-main-header-display":"","ast-hfb-above-header-display":"","ast-hfb-below-header-display":"","ast-hfb-mobile-header-display":"","site-post-title":"disabled","ast-breadcrumbs-content":"","ast-featured-img":"disabled","footer-sml-layout":"","ast-disable-related-posts":"","theme-transparent-header-meta":"default","adv-header-id-meta":"","stick-header-meta":"","header-above-stick-meta":"","header-main-stick-meta":"","header-below-stick-meta":"","astra-migrate-meta-layouts":"default","ast-page-background-enabled":"default","ast-page-background-meta":{"desktop":{"background-color":"var(--ast-global-color-4)","background-image":"","background-repeat":"repeat","background-position":"center center","background-size":"auto","background-attachment":"scroll","background-type":"","background-media":"","overlay-type":"","overlay-color":"","overlay-opacity":"","overlay-gradient":""},"tablet":{"background-color":"","background-image":"","background-repeat":"repeat","background-position":"center center","background-size":"auto","background-attachment":"scroll","background-type":"","background-media":"","overlay-type":"","overlay-color":"","overlay-opacity":"","overlay-gradient":""},"mobile":{"background-color":"","background-image":"","background-repeat":"repeat","background-position":"center center","background-size":"auto","background-attachment":"scroll","background-type":"","background-media":"","overlay-type":"","overlay-color":"","overlay-opacity":"","overlay-gradient":""}},"ast-content-background-meta":{"desktop":{"background-color":"var(--ast-global-color-5)","background-image":"","background-repeat":"repeat","background-position":"center center","background-size":"auto","background-attachment":"scroll","background-type":"","background-media":"","overlay-type":"","overlay-color":"","overlay-opacity":"","overlay-gradient":""},"tablet":{"background-color":"var(--ast-global-color-5)","background-image":"","background-repeat":"repeat","background-position":"center center","background-size":"auto","background-attachment":"scroll","background-type":"","background-media":"","overlay-type":"","overlay-color":"","overlay-opacity":"","overlay-gradient":""},"mobile":{"background-color":"var(--ast-global-color-5)","background-image":"","background-repeat":"repeat","background-position":"center center","background-size":"auto","background-attachment":"scroll","background-type":"","background-media":"","overlay-type":"","overlay-color":"","overlay-opacity":"","overlay-gradient":""}},"footnotes":""},"class_list":["post-16","page","type-page","status-publish","hentry"],"_links":{"self":[{"href":"https:\/\/cgm-energie.com\/web\/wp-json\/wp\/v2\/pages\/16","targetHints":{"allow":["GET"]}}],"collection":[{"href":"https:\/\/cgm-energie.com\/web\/wp-json\/wp\/v2\/pages"}],"about":[{"href":"https:\/\/cgm-energie.com\/web\/wp-json\/wp\/v2\/types\/page"}],"author":[{"embeddable":true,"href":"https:\/\/cgm-energie.com\/web\/wp-json\/wp\/v2\/users\/1"}],"replies":[{"embeddable":true,"href":"https:\/\/cgm-energie.com\/web\/wp-json\/wp\/v2\/comments?post=16"}],"version-history":[{"count":16,"href":"https:\/\/cgm-energie.com\/web\/wp-json\/wp\/v2\/pages\/16\/revisions"}],"predecessor-version":[{"id":633,"href":"https:\/\/cgm-energie.com\/web\/wp-json\/wp\/v2\/pages\/16\/revisions\/633"}],"wp:attachment":[{"href":"https:\/\/cgm-energie.com\/web\/wp-json\/wp\/v2\/media?parent=16"}],"curies":[{"name":"wp","href":"https:\/\/api.w.org\/{rel}","templated":true}]}}